{"id":7806,"date":"2026-02-22T20:43:32","date_gmt":"2026-02-22T19:43:32","guid":{"rendered":"https:\/\/sabbagh-orthodontics.com\/?page_id=7806"},"modified":"2026-02-22T20:50:16","modified_gmt":"2026-02-22T19:50:16","slug":"cmd-malokklusion-atmung-mfa-und-therapiehybrid-2-3","status":"publish","type":"page","link":"https:\/\/sabbagh-orthodontics.com\/en\/cmd-malokklusion-atmung-mfa-und-therapiehybrid-2-3\/","title":{"rendered":"Hybrid Orthodontics \u2013 The SARA\u00ae Concept"},"content":{"rendered":"<div data-elementor-type=\"wp-page\" data-elementor-id=\"7806\" class=\"elementor elementor-7806\" data-elementor-post-type=\"page\">\n\t\t\t\t\t\t<section class=\"pix-elementor-divider elementor-section elementor-top-section elementor-element elementor-element-6a28a3a3 elementor-section-boxed elementor-section-height-default elementor-section-height-default\" data-id=\"6a28a3a3\" data-element_type=\"section\">\n\t\t\t\t\t\t<div class=\"elementor-container elementor-column-gap-default\">\n\t\t\t\t\t<div class=\"elementor-column elementor-col-50 elementor-top-column elementor-element elementor-element-79f9594c\" data-id=\"79f9594c\" data-element_type=\"column\">\n\t\t\t<div class=\"elementor-widget-wrap elementor-element-populated\">\n\t\t\t\t\t\t<div class=\"elementor-element elementor-element-174230db elementor-widget elementor-widget-pix-highlighted-text\" data-id=\"174230db\" data-element_type=\"widget\" data-widget_type=\"pix-highlighted-text.default\">\n\t\t\t\t<div class=\"elementor-widget-container\">\n\t\t\t\t\t<div id=\"el-174230db\" class=\"pix-highlighted-element text-left\"><h2 class=\"pix-highlighted-items\" style=\"\" data-anim-type=\"\" data-anim-delay=\"\"><span id=\"el-174230db-0\"  class=\"elementor-repeater-item-d38df35\"><span   class=\"pix-highlighted-text  pix-highlight-item font-weight-normal  heading-font text-heading-default\">Hybride Kieferorthop\u00e4die das<\/span><\/span><span id=\"el-174230db-1\" class=\"pix-highlight-bg   elementor-repeater-item-b2f5606 el-174230db-1 animate-in\" data-anim-type=\"highlight-grow\" data-anim-delay=\"200\"><span   class=\"pix-highlighted-text pix-highlight-item font-weight-normal  font-weight-bold heading-font text-heading-default\">  Hybrid Orthodontics \u2013 The SARA\u00ae Concept<\/span><\/span><\/h2><\/div>\t\t\t\t<\/div>\n\t\t\t\t<\/div>\n\t\t\t\t<div class=\"elementor-element elementor-element-6e083d78 elementor-widget elementor-widget-pix-text\" data-id=\"6e083d78\" data-element_type=\"widget\" data-widget_type=\"pix-text.default\">\n\t\t\t\t<div class=\"elementor-widget-container\">\n\t\t\t\t\t<div class=\"pix-el-text w-100 text-left\" ><p class=\"text-20 resp-option text-dark-opacity-5 text-left\" >Overcoming Limitations in Aligner, Functional, and Fixed Orthodontics\n<br> <br>\nInnovative technologies and evidence-based treatment concepts have expanded the indications for orthodontic interventions and provide practice-oriented solutions; moreover, they significantly contribute to the efficiency, precision, and long-term stability of orthodontic therapies.<\/p><\/div>\t\t\t\t<\/div>\n\t\t\t\t<\/div>\n\t\t\t\t<div class=\"elementor-element elementor-element-a8b4a2b elementor-widget elementor-widget-pix-highlighted-text\" data-id=\"a8b4a2b\" data-element_type=\"widget\" data-widget_type=\"pix-highlighted-text.default\">\n\t\t\t\t<div class=\"elementor-widget-container\">\n\t\t\t\t\t<div id=\"el-a8b4a2b\" class=\"pix-highlighted-element text-left\"><h2 class=\"pix-highlighted-items\" style=\"\" data-anim-type=\"\" data-anim-delay=\"\"><span id=\"el-a8b4a2b-0\" class=\"pix-highlight-bg   elementor-repeater-item-b2f5606 el-a8b4a2b-0 animate-in\" data-anim-type=\"highlight-grow\" data-anim-delay=\"200\"><span   class=\"pix-highlighted-text pix-highlight-item font-weight-normal  font-weight-bold heading-font text-heading-default\">Course Program: <\/span><\/span><\/h2><\/div>\t\t\t\t<\/div>\n\t\t\t\t<\/div>\n\t\t\t\t<div class=\"elementor-element elementor-element-d78118e elementor-widget elementor-widget-text-editor\" data-id=\"d78118e\" data-element_type=\"widget\" data-widget_type=\"text-editor.default\">\n\t\t\t\t<div class=\"elementor-widget-container\">\n\t\t\t\t\t\t\t\t\t<p><strong>1. Effective Synergy Between Aligners and Fixed Appliances<\/strong><\/p><p>\u2022 Aligner Therapy: Tips and tricks for overcoming limitations in complex skeletal dysgnathia and severe tooth malpositions.<\/p><p>\u2022 Hybrid Orthodontics: Indicated combinations of aligners and fixed appliances, such as mini-implants\/TADs, RME distractors, distalizers, or SARA\u00ae.<\/p><p>\u2022 Aligner Modifications: Hemi-splints, torque-TPP, SARA wings, SARA\u00ae Splint, tongue trainers.<\/p><p>\u2022 In-House Aligners: Possibilities and limitations of shape-memory aligners and directly printed aligners.<\/p><p><strong>2. Non-Compliance und Troubleshooting<\/strong><\/p><p>\u2022 The Concept of Fixed Progressive Bite Jumping\u00a9 (SARA\u00ae\/Herbst\u00ae\/SUS\u00ae) for:\n\no Non-compliant patients\n\no Unilateral Class II malocclusions and asymmetries\n\no Avoiding extractions and surgical bite correction<\/p><p>\u2022 Mini-Implants (TADs): Tips and tricks for stability and simplicity.<\/p><p>\u2022 Indirect Bonding (Analog\/Digital): efficient modification and application.<\/p><p>\u2022 New aspects in the orthodontic treatment of agenesis, ankylosis, molar loss, traumatic anterior tooth loss, and root resorption.<\/p><p>\u2022 Pre-Prosthetic Orthodontics: New aspects and innovative techniques.<\/p><p><strong>3. Holistic Aspects and New Horizons<\/strong><\/p><p>\u2022 Functional Disorders: Prevention and management of TMD and sleep apnea in orthodontics.<\/p><p>Tongue Dysfunction: Stability risks, management strategies, and effective solutions.<\/p><p>Relapse: Prevention, management, and sustainable long-term solutions.<\/p><p>Forensic and Economic Aspects<\/p><p>\u2022 <span style=\"text-decoration: underline;\">Future Horizons in Orthodontics:<\/span> New perspectives and expected developments.<\/p>\t\t\t\t\t\t\t\t<\/div>\n\t\t\t\t<\/div>\n\t\t\t\t\t<\/div>\n\t\t<\/div>\n\t\t\t\t<div class=\"elementor-column elementor-col-50 elementor-top-column elementor-element elementor-element-22b3c09c\" data-id=\"22b3c09c\" data-element_type=\"column\">\n\t\t\t<div class=\"elementor-widget-wrap elementor-element-populated\">\n\t\t\t\t\t\t<div class=\"elementor-element elementor-element-37c4de49 elementor-widget elementor-widget-pix-img\" data-id=\"37c4de49\" data-element_type=\"widget\" data-widget_type=\"pix-img.default\">\n\t\t\t\t<div class=\"elementor-widget-container\">\n\t\t\t\t\t<div id=\"el-37c4de49\" class=\"pix-img-element d-inline-block\" ><div class=\"pix-img-el    shadow-lg shadow-hover-lg scale-sm text-center d-inline-block  w-100 rounded-10\"  data-jarallax-element=\"50 0\" data-xaxis=\"50\" data-yaxis=\"0\"><img fetchpriority=\"high\" decoding=\"async\" width=\"1280\" height=\"853\" src=\"https:\/\/sabbagh-orthodontics.com\/wp-content\/uploads\/2026\/02\/Sabagh-Praesi-3.jpg\" class=\"pix-img-elem rounded-10\" alt=\"Intro\" srcset=\"https:\/\/sabbagh-orthodontics.com\/wp-content\/uploads\/2026\/02\/Sabagh-Praesi-3.jpg 1280w, https:\/\/sabbagh-orthodontics.com\/wp-content\/uploads\/2026\/02\/Sabagh-Praesi-3-300x200.jpg 300w, https:\/\/sabbagh-orthodontics.com\/wp-content\/uploads\/2026\/02\/Sabagh-Praesi-3-1024x682.jpg 1024w, https:\/\/sabbagh-orthodontics.com\/wp-content\/uploads\/2026\/02\/Sabagh-Praesi-3-768x512.jpg 768w, https:\/\/sabbagh-orthodontics.com\/wp-content\/uploads\/2026\/02\/Sabagh-Praesi-3-18x12.jpg 18w\" sizes=\"(max-width: 1280px) 100vw, 1280px\" \/><\/div><\/div>\t\t\t\t<\/div>\n\t\t\t\t<\/div>\n\t\t\t\t<div class=\"elementor-element elementor-element-93b4bd3 elementor-widget elementor-widget-pix-img\" data-id=\"93b4bd3\" data-element_type=\"widget\" data-widget_type=\"pix-img.default\">\n\t\t\t\t<div class=\"elementor-widget-container\">\n\t\t\t\t\t<div id=\"el-93b4bd3\" class=\"pix-img-element d-inline-block\" ><div class=\"pix-img-el    shadow-lg shadow-hover-lg scale-sm text-center d-inline-block  w-100 rounded-10\"  data-jarallax-element=\"50 0\" data-xaxis=\"50\" data-yaxis=\"0\"><img decoding=\"async\" width=\"500\" height=\"500\" src=\"https:\/\/sabbagh-orthodontics.com\/wp-content\/uploads\/2026\/02\/Kurs33.jpg\" class=\"pix-img-elem rounded-10\" alt=\"Intro\" srcset=\"https:\/\/sabbagh-orthodontics.com\/wp-content\/uploads\/2026\/02\/Kurs33.jpg 500w, https:\/\/sabbagh-orthodontics.com\/wp-content\/uploads\/2026\/02\/Kurs33-300x300.jpg 300w, https:\/\/sabbagh-orthodontics.com\/wp-content\/uploads\/2026\/02\/Kurs33-150x150.jpg 150w, https:\/\/sabbagh-orthodontics.com\/wp-content\/uploads\/2026\/02\/Kurs33-12x12.jpg 12w, https:\/\/sabbagh-orthodontics.com\/wp-content\/uploads\/2026\/02\/Kurs33-75x75.jpg 75w, https:\/\/sabbagh-orthodontics.com\/wp-content\/uploads\/2026\/02\/Kurs33-460x460.jpg 460w\" sizes=\"(max-width: 500px) 100vw, 500px\" \/><\/div><\/div>\t\t\t\t<\/div>\n\t\t\t\t<\/div>\n\t\t\t\t\t<\/div>\n\t\t<\/div>\n\t\t\t\t\t<\/div>\n\t\t<\/section>\n\t\t<div class=\"pix-divider  position-relative pix-bottom-divider elementor-element elementor-element-6a28a3a3\" data-style=\"style-8\" ><svg xmlns=\"http:\/\/www.w3.org\/2000\/svg\" width=\"100%\" height=\"300px\" viewbox=\"0 0 1200 366\" preserveaspectratio=\"none\"><g class=\"animate-in\" data-anim-type=\"fade-in-up\" data-anim-delay=\"300\"><polygon class=\"pix-divider-layer-3\" fill=\"url(#divider-pix-accordion-385632-bottom-overlay-layer-3)\" points=\"0 240 1200 0 1200 366 0 366\" \/><\/g><polygon class=\"pix-divider-layer-2\" fill=\"#FFFFFF00\"  points=\"0 300 1200 60 1200 366 0 366\" \/><polygon class=\"pix-divider-layer-1\" fill=\"#ffffff\" points=\"0 360 1200 120 1200 366 0 366\"\/><defs><lineargradient id=\"divider-pix-accordion-385632-bottom-overlay-layer-3\" x1=\"0%\" y1=\"0%\" x2=\"100%\" y2=\"0%\"><stop offset=\"0%\"   stop-color=\"#00000014\"\/><stop offset=\"100%\"   stop-color=\"#FFFFFF03\"\/><\/lineargradient><\/defs><\/svg><\/div>\t\t<\/div>","protected":false},"excerpt":{"rendered":"<p>Hybride Kieferorthop\u00e4die das SARA\u00ae-Konzept Grenzen \u00fcberwinden, Ergebnisse optimieren in der Aligner-, Funktions- und festsitzenden Kieferorthop\u00e4die Innovative Technologien und evidenzbasierte Behandlungskonzepte erweiterten die Indikationen kieferorthop\u00e4discher Behandlungen und bieten praxisorientierte L\u00f6sungen, ferner tragen sie ma\u00dfgeblich zur Effizienz, Pr\u00e4zision und Langzeitstabilit\u00e4t kieferorthop\u00e4discher Therapien&#8230;<\/p>","protected":false},"author":1,"featured_media":0,"parent":0,"menu_order":0,"comment_status":"closed","ping_status":"closed","template":"","meta":{"footnotes":""},"class_list":["post-7806","page","type-page","status-publish","hentry"],"_links":{"self":[{"href":"https:\/\/sabbagh-orthodontics.com\/en\/wp-json\/wp\/v2\/pages\/7806","targetHints":{"allow":["GET"]}}],"collection":[{"href":"https:\/\/sabbagh-orthodontics.com\/en\/wp-json\/wp\/v2\/pages"}],"about":[{"href":"https:\/\/sabbagh-orthodontics.com\/en\/wp-json\/wp\/v2\/types\/page"}],"author":[{"embeddable":true,"href":"https:\/\/sabbagh-orthodontics.com\/en\/wp-json\/wp\/v2\/users\/1"}],"replies":[{"embeddable":true,"href":"https:\/\/sabbagh-orthodontics.com\/en\/wp-json\/wp\/v2\/comments?post=7806"}],"version-history":[{"count":10,"href":"https:\/\/sabbagh-orthodontics.com\/en\/wp-json\/wp\/v2\/pages\/7806\/revisions"}],"predecessor-version":[{"id":7840,"href":"https:\/\/sabbagh-orthodontics.com\/en\/wp-json\/wp\/v2\/pages\/7806\/revisions\/7840"}],"wp:attachment":[{"href":"https:\/\/sabbagh-orthodontics.com\/en\/wp-json\/wp\/v2\/media?parent=7806"}],"curies":[{"name":"wp","href":"https:\/\/api.w.org\/{rel}","templated":true}]}}